{"id":25,"date":"2024-04-05T06:55:58","date_gmt":"2024-04-05T06:55:58","guid":{"rendered":"https:\/\/imvtecnica.com\/?page_id=25"},"modified":"2024-05-13T13:28:47","modified_gmt":"2024-05-13T11:28:47","slug":"servicios","status":"publish","type":"page","link":"https:\/\/imvtecnica.com\/en\/servicios\/","title":{"rendered":"Services"},"content":{"rendered":"<div data-elementor-type=\"wp-page\" data-elementor-id=\"25\" class=\"elementor elementor-25\">\n\t\t\t\t<div class=\"elementor-element elementor-element-15beca7 e-flex e-con-boxed e-con e-child\" data-id=\"15beca7\" data-element_type=\"container\" data-settings=\"{&quot;background_background&quot;:&quot;video&quot;,&quot;background_video_link&quot;:&quot;https:\\\/\\\/imvtecnica.com\\\/wp-content\\\/uploads\\\/2024\\\/04\\\/videoblocks_automated_production_of_plastic_parts_in_a_large_factory.mp4&quot;,&quot;background_play_on_mobile&quot;:&quot;yes&quot;}\">\n\t\t\t\t\t<div class=\"e-con-inner\">\n\t\t<div class=\"elementor-background-video-container\">\n\t\t\t\t\t\t\t<video class=\"elementor-background-video-hosted elementor-html5-video\" autoplay muted playsinline loop><\/video>\n\t\t\t\t\t<\/div>\t\t<div class=\"elementor-element elementor-element-3f3d80c elementor-widget elementor-widget-heading\" data-id=\"3f3d80c\" data-element_type=\"widget\" data-widget_type=\"heading.default\">\n\t\t\t\t<div class=\"elementor-widget-container\">\n\t\t\t<h1 class=\"elementor-heading-title elementor-size-default\">IMV Technical<\/h1>\t\t<\/div>\n\t\t\t\t<\/div>\n\t\t\t\t<div class=\"elementor-element elementor-element-e9e1257 elementor-widget elementor-widget-heading\" data-id=\"e9e1257\" data-element_type=\"widget\" data-widget_type=\"heading.default\">\n\t\t\t\t<div class=\"elementor-widget-container\">\n\t\t\t<h2 class=\"elementor-heading-title elementor-size-default\"> Engineering and industrial precision with effective innovation <\/h2>\t\t<\/div>\n\t\t\t\t<\/div>\n\t\t\t\t\t<\/div>\n\t\t\t\t<\/div>\n\t\t<div class=\"elementor-element elementor-element-997ba97 e-flex e-con-boxed e-con e-parent\" data-id=\"997ba97\" data-element_type=\"container\" data-settings=\"{&quot;background_background&quot;:&quot;classic&quot;}\">\n\t\t\t\t\t<div class=\"e-con-inner\">\n\t\t<div class=\"elementor-element elementor-element-65e7fd6 e-flex e-con-boxed e-con e-child\" data-id=\"65e7fd6\" data-element_type=\"container\" data-settings=\"{&quot;background_background&quot;:&quot;classic&quot;}\">\n\t\t\t\t\t<div class=\"e-con-inner\">\n\t\t\t\t<div class=\"elementor-element elementor-element-e18b7c3 elementor-widget elementor-widget-heading\" data-id=\"e18b7c3\" data-element_type=\"widget\" data-widget_type=\"heading.default\">\n\t\t\t\t<div class=\"elementor-widget-container\">\n\t\t\t<h2 class=\"elementor-heading-title elementor-size-default\">IMV TECHNICAL Services<\/h2>\t\t<\/div>\n\t\t\t\t<\/div>\n\t\t\t\t\t<\/div>\n\t\t\t\t<\/div>\n\t\t<div class=\"elementor-element elementor-element-6c3c5b0 e-flex e-con-boxed e-con e-child\" data-id=\"6c3c5b0\" data-element_type=\"container\" data-settings=\"{&quot;background_background&quot;:&quot;classic&quot;}\">\n\t\t\t\t\t<div class=\"e-con-inner\">\n\t\t<div class=\"elementor-element elementor-element-a429c98 e-con-full e-flex e-con e-child\" data-id=\"a429c98\" data-element_type=\"container\">\n\t\t\t\t<div class=\"elementor-element elementor-element-aad596c elementor-widget elementor-widget-text-editor\" data-id=\"aad596c\" data-element_type=\"widget\" data-widget_type=\"text-editor.default\">\n\t\t\t\t<div class=\"elementor-widget-container\">\n\t\t\t\t\t\t\t<div class=\"fusion-text fusion-text-1\"><p>IMV T\u00e9cnica is proud to be a trusted leader in the export of high quality machinery worldwide.<\/p><p>With years of experience and a robust global network, we guarantee an efficient, safe and compliant export service with all international regulations.<\/p><p>We specialize in offering complete solutions, from the manufacture of machinery that meets the specific needs of our clients to its delivery at the final destination.<\/p><\/div>\t\t\t\t\t\t<\/div>\n\t\t\t\t<\/div>\n\t\t\t\t<div class=\"elementor-element elementor-element-b1a9597 elementor-widget elementor-widget-button\" data-id=\"b1a9597\" data-element_type=\"widget\" data-widget_type=\"button.default\">\n\t\t\t\t<div class=\"elementor-widget-container\">\n\t\t\t\t\t\t\t<div class=\"elementor-button-wrapper\">\n\t\t\t\t\t<a class=\"elementor-button elementor-button-link elementor-size-sm\" href=\"https:\/\/imvtecnica.com\/en\/contacto\/\">\n\t\t\t\t\t\t<span class=\"elementor-button-content-wrapper\">\n\t\t\t\t\t\t\t\t\t<span class=\"elementor-button-text\">Contact us<\/span>\n\t\t\t\t\t<\/span>\n\t\t\t\t\t<\/a>\n\t\t\t\t<\/div>\n\t\t\t\t\t\t<\/div>\n\t\t\t\t<\/div>\n\t\t\t\t<\/div>\n\t\t\t\t<div class=\"elementor-element elementor-element-05580f9 premium-adv-carousel__infinite premium-adv-carousel__horizontal elementor-widget elementor-widget-premium-media-wheel\" data-id=\"05580f9\" data-element_type=\"widget\" data-widget_type=\"premium-media-wheel.default\">\n\t\t\t\t<div class=\"elementor-widget-container\">\n\t\t\t\t\t<div class=\"premium-adv-carousel-no-lightbox premium-adv-carousel__container\" data-settings=\"{&quot;type&quot;:&quot;infinite&quot;,&quot;scroll&quot;:false,&quot;speed&quot;:20,&quot;pauseOnHover&quot;:true,&quot;dir&quot;:&quot;horizontal&quot;,&quot;reverse&quot;:&quot;normal&quot;,&quot;renderEvent&quot;:&quot;scroll&quot;}\">\n\n\t\t\t<div style=\"visibility:hidden;\" class=\"premium-adv-carousel__inner-container\">\n\n\t\t\t\t<div class=\"premium-adv-carousel__items\">\n\n\t\t\t\t\t\t\t\t<div class=\"premium-adv-carousel__item-outer-wrapper\">\n\t\t\t\t<div class=\"elementor-repeater-item-af98772 premium-adv-carousel__item premium-adv-carousel__item-image\">\n\t\t\t\t\t<div class=\"premium-adv-carousel__media-wrap\">\n\t\t\t\t\t\t\t\t\t\t\t\t\t\t<img decoding=\"async\" src=\"https:\/\/imvtecnica.com\/wp-content\/uploads\/2024\/04\/imv-scaled.jpg\" alt=\"Servicios IMVT\u00c9CNICA\" class=\"premium-adv-carousel__item-img\">\n\t\t\t\t\t\t\t\t\t\t\t\t<\/div>\n\n\t\t\t\t\t\t\t\t\t\t\t<div class=\"pa-media-icons-wrapper\">\n\t\t\t\t\t\t\t<div class=\"pa-media-icons-inner-container\">\n\t\t\t\t\t\t\t\t\n\t\t\t\t<a class=\"pa-media-magnific-image\" href=\"https:\/\/imvtecnica.com\/wp-content\/uploads\/2024\/04\/imv-scaled.jpg\" data-elementor-open-lightbox=\"\" data-elementor-lightbox-slideshow=\"05580f9\">\n\t\t\t\t\t<span>\n\t\t\t\t\t\t\t\t\t\t\t<\/span>\n\t\t\t\t<\/a>\n\t\t\t\t\t\t\t\t\t\t<\/div>\n\t\t\t\t\t\t<\/div>\n\t\t\t\t\t\t\n\t\t\t\t\t\t\t\t\t<\/div>\n\t\t\t<\/div>\n\t\t\t\t\t\t<div class=\"premium-adv-carousel__item-outer-wrapper\">\n\t\t\t\t<div class=\"elementor-repeater-item-dea6018 premium-adv-carousel__item premium-adv-carousel__item-image\">\n\t\t\t\t\t<div class=\"premium-adv-carousel__media-wrap\">\n\t\t\t\t\t\t\t\t\t\t\t\t\t\t<img decoding=\"async\" src=\"https:\/\/imvtecnica.com\/wp-content\/uploads\/2024\/04\/beer-218148_1280.jpg\" alt=\"Servicios IMVT\u00c9CNICA\" class=\"premium-adv-carousel__item-img\">\n\t\t\t\t\t\t\t\t\t\t\t\t<\/div>\n\n\t\t\t\t\t\t\t\t\t\t\t<div class=\"pa-media-icons-wrapper\">\n\t\t\t\t\t\t\t<div class=\"pa-media-icons-inner-container\">\n\t\t\t\t\t\t\t\t\n\t\t\t\t<a class=\"pa-media-magnific-image\" href=\"https:\/\/imvtecnica.com\/wp-content\/uploads\/2024\/04\/beer-218148_1280.jpg\" data-elementor-open-lightbox=\"\" data-elementor-lightbox-slideshow=\"05580f9\">\n\t\t\t\t\t<span>\n\t\t\t\t\t\t\t\t\t\t\t<\/span>\n\t\t\t\t<\/a>\n\t\t\t\t\t\t\t\t\t\t<\/div>\n\t\t\t\t\t\t<\/div>\n\t\t\t\t\t\t\n\t\t\t\t\t\t\t\t\t<\/div>\n\t\t\t<\/div>\n\t\t\t\t\t\t<div class=\"premium-adv-carousel__item-outer-wrapper\">\n\t\t\t\t<div class=\"elementor-repeater-item-d392bf4 premium-adv-carousel__item premium-adv-carousel__item-image\">\n\t\t\t\t\t<div class=\"premium-adv-carousel__media-wrap\">\n\t\t\t\t\t\t\t\t\t\t\t\t\t\t<img decoding=\"async\" src=\"https:\/\/imvtecnica.com\/wp-content\/uploads\/2024\/04\/industrial-1218153_1280.jpg\" alt=\"Servicios IMVT\u00c9CNICA\" class=\"premium-adv-carousel__item-img\">\n\t\t\t\t\t\t\t\t\t\t\t\t<\/div>\n\n\t\t\t\t\t\t\t\t\t\t\t<div class=\"pa-media-icons-wrapper\">\n\t\t\t\t\t\t\t<div class=\"pa-media-icons-inner-container\">\n\t\t\t\t\t\t\t\t\n\t\t\t\t<a class=\"pa-media-magnific-image\" href=\"https:\/\/imvtecnica.com\/wp-content\/uploads\/2024\/04\/industrial-1218153_1280.jpg\" data-elementor-open-lightbox=\"\" data-elementor-lightbox-slideshow=\"05580f9\">\n\t\t\t\t\t<span>\n\t\t\t\t\t\t\t\t\t\t\t<\/span>\n\t\t\t\t<\/a>\n\t\t\t\t\t\t\t\t\t\t<\/div>\n\t\t\t\t\t\t<\/div>\n\t\t\t\t\t\t\n\t\t\t\t\t\t\t\t\t<\/div>\n\t\t\t<\/div>\n\t\t\t\t\t\t\t<\/div>\n\t\t\t<\/div>\n\t\t<\/div>\n\t\t\t\t<\/div>\n\t\t\t\t<\/div>\n\t\t\t\t\t<\/div>\n\t\t\t\t<\/div>\n\t\t\t\t<div class=\"elementor-element elementor-element-d18d83e elementor-widget elementor-widget-spacer\" data-id=\"d18d83e\" data-element_type=\"widget\" data-widget_type=\"spacer.default\">\n\t\t\t\t<div class=\"elementor-widget-container\">\n\t\t\t\t\t<div class=\"elementor-spacer\">\n\t\t\t<div class=\"elementor-spacer-inner\"><\/div>\n\t\t<\/div>\n\t\t\t\t<\/div>\n\t\t\t\t<\/div>\n\t\t\t\t<div class=\"elementor-element elementor-element-d9b9bd2 elementor-widget elementor-widget-heading\" data-id=\"d9b9bd2\" data-element_type=\"widget\" data-widget_type=\"heading.default\">\n\t\t\t\t<div class=\"elementor-widget-container\">\n\t\t\t<h2 class=\"elementor-heading-title elementor-size-default\">Manufacturing, advice and maintenance of machinery<\/h2>\t\t<\/div>\n\t\t\t\t<\/div>\n\t\t\t\t<div class=\"elementor-element elementor-element-6185a0d elementor-widget elementor-widget-heading\" data-id=\"6185a0d\" data-element_type=\"widget\" data-widget_type=\"heading.default\">\n\t\t\t\t<div class=\"elementor-widget-container\">\n\t\t\t<h4 class=\"elementor-heading-title elementor-size-default\">Extending the useful life of your Machinery, improving your production<\/h4>\t\t<\/div>\n\t\t\t\t<\/div>\n\t\t\t\t<div class=\"elementor-element elementor-element-586961c elementor-widget elementor-widget-text-editor\" data-id=\"586961c\" data-element_type=\"widget\" data-widget_type=\"text-editor.default\">\n\t\t\t\t<div class=\"elementor-widget-container\">\n\t\t\t\t\t\t\t<p>Imvtecnica&#039;s machinery maintenance service guarantees maximum performance and longevity of your investment in equipment. With a proactive approach to preventive maintenance and a quick response to any repair needs, our team of highly qualified technicians ensures your machinery is always operating in top condition. <br \/><br \/>We are committed to offering comprehensive solutions that minimize downtime and maximize efficiency, allowing you to maintain the continuity and competitiveness of your business. With imvtecnica, you have a reliable partner dedicated to keeping your operation running smoothly.<\/p>\t\t\t\t\t\t<\/div>\n\t\t\t\t<\/div>\n\t\t\t\t<div class=\"elementor-element elementor-element-aa66f72 elementor-widget elementor-widget-spacer\" data-id=\"aa66f72\" data-element_type=\"widget\" data-widget_type=\"spacer.default\">\n\t\t\t\t<div class=\"elementor-widget-container\">\n\t\t\t\t\t<div class=\"elementor-spacer\">\n\t\t\t<div class=\"elementor-spacer-inner\"><\/div>\n\t\t<\/div>\n\t\t\t\t<\/div>\n\t\t\t\t<\/div>\n\t\t\t\t\t<\/div>\n\t\t\t\t<\/div>\n\t\t<div class=\"elementor-element elementor-element-b6ddf90 e-flex e-con-boxed e-con e-parent\" data-id=\"b6ddf90\" data-element_type=\"container\">\n\t\t\t\t\t<div class=\"e-con-inner\">\n\t\t\t\t<div class=\"elementor-element elementor-element-98fef4e elementor-widget elementor-widget-spacer\" data-id=\"98fef4e\" data-element_type=\"widget\" data-widget_type=\"spacer.default\">\n\t\t\t\t<div class=\"elementor-widget-container\">\n\t\t\t\t\t<div class=\"elementor-spacer\">\n\t\t\t<div class=\"elementor-spacer-inner\"><\/div>\n\t\t<\/div>\n\t\t\t\t<\/div>\n\t\t\t\t<\/div>\n\t\t\t\t\t<\/div>\n\t\t\t\t<\/div>\n\t\t<div class=\"elementor-element elementor-element-59c72ad e-flex e-con-boxed e-con e-parent\" data-id=\"59c72ad\" data-element_type=\"container\">\n\t\t\t\t\t<div class=\"e-con-inner\">\n\t\t<div class=\"elementor-element elementor-element-eb647f7 e-con-full e-flex e-con e-child\" data-id=\"eb647f7\" data-element_type=\"container\">\n\t\t\t\t<\/div>\n\t\t<div class=\"elementor-element elementor-element-2bb5cd3 e-con-full e-flex e-con e-child\" data-id=\"2bb5cd3\" data-element_type=\"container\">\n\t\t<div class=\"elementor-element elementor-element-b37388d e-con-full e-flex e-con e-child\" data-id=\"b37388d\" data-element_type=\"container\">\n\t\t\t\t<div class=\"elementor-element elementor-element-8746d20 elementor-widget elementor-widget-heading\" data-id=\"8746d20\" data-element_type=\"widget\" data-widget_type=\"heading.default\">\n\t\t\t\t<div class=\"elementor-widget-container\">\n\t\t\t<h3 class=\"elementor-heading-title elementor-size-default\">Industrial automation panels<\/h3>\t\t<\/div>\n\t\t\t\t<\/div>\n\t\t\t\t<div class=\"elementor-element elementor-element-9825d4b elementor-widget elementor-widget-text-editor\" data-id=\"9825d4b\" data-element_type=\"widget\" data-widget_type=\"text-editor.default\">\n\t\t\t\t<div class=\"elementor-widget-container\">\n\t\t\t\t\t\t\t<p>Our industrial automation panels are designed to optimize and control production processes efficiently and safely. We offer customized solutions that fit the specific needs of your industry.<\/p>\t\t\t\t\t\t<\/div>\n\t\t\t\t<\/div>\n\t\t\t\t<\/div>\n\t\t<div class=\"elementor-element elementor-element-ab672e8 e-con-full e-flex e-con e-child\" data-id=\"ab672e8\" data-element_type=\"container\">\n\t\t\t\t<div class=\"elementor-element elementor-element-85f4791 elementor-widget elementor-widget-heading\" data-id=\"85f4791\" data-element_type=\"widget\" data-widget_type=\"heading.default\">\n\t\t\t\t<div class=\"elementor-widget-container\">\n\t\t\t<h3 class=\"elementor-heading-title elementor-size-default\">Technical air treatment<\/h3>\t\t<\/div>\n\t\t\t\t<\/div>\n\t\t\t\t<div class=\"elementor-element elementor-element-f337f3b elementor-widget elementor-widget-text-editor\" data-id=\"f337f3b\" data-element_type=\"widget\" data-widget_type=\"text-editor.default\">\n\t\t\t\t<div class=\"elementor-widget-container\">\n\t\t\t\t\t\t\t<p>Our services ensure a healthy and productive indoor environment. Using cutting-edge technology, we improve air quality through advanced filtration, ventilation and humidity control systems.<\/p>\t\t\t\t\t\t<\/div>\n\t\t\t\t<\/div>\n\t\t\t\t<\/div>\n\t\t<div class=\"elementor-element elementor-element-5a32984 e-con-full e-flex e-con e-child\" data-id=\"5a32984\" data-element_type=\"container\">\n\t\t\t\t<div class=\"elementor-element elementor-element-0147c40 elementor-widget elementor-widget-heading\" data-id=\"0147c40\" data-element_type=\"widget\" data-widget_type=\"heading.default\">\n\t\t\t\t<div class=\"elementor-widget-container\">\n\t\t\t<h3 class=\"elementor-heading-title elementor-size-default\">White Rooms<\/h3>\t\t<\/div>\n\t\t\t\t<\/div>\n\t\t\t\t<div class=\"elementor-element elementor-element-19ae31b elementor-widget elementor-widget-text-editor\" data-id=\"19ae31b\" data-element_type=\"widget\" data-widget_type=\"text-editor.default\">\n\t\t\t\t<div class=\"elementor-widget-container\">\n\t\t\t\t\t\t\t<p>Specializing in the design, installation and maintenance of clean rooms, we provide controlled environments that meet the highest standards of cleanliness and particle control.<\/p>\t\t\t\t\t\t<\/div>\n\t\t\t\t<\/div>\n\t\t\t\t<\/div>\n\t\t<div class=\"elementor-element elementor-element-c6e065e e-con-full e-flex e-con e-child\" data-id=\"c6e065e\" data-element_type=\"container\">\n\t\t\t\t<div class=\"elementor-element elementor-element-36c4805 elementor-widget elementor-widget-heading\" data-id=\"36c4805\" data-element_type=\"widget\" data-widget_type=\"heading.default\">\n\t\t\t\t<div class=\"elementor-widget-container\">\n\t\t\t<h3 class=\"elementor-heading-title elementor-size-default\">Air conditioning<\/h3>\t\t<\/div>\n\t\t\t\t<\/div>\n\t\t\t\t<div class=\"elementor-element elementor-element-9e25e41 elementor-widget elementor-widget-text-editor\" data-id=\"9e25e41\" data-element_type=\"widget\" data-widget_type=\"text-editor.default\">\n\t\t\t\t<div class=\"elementor-widget-container\">\n\t\t\t\t\t\t\t<p>We offer innovative and efficient air conditioning systems, designed to create the perfect environment in any season of the year. From installation to maintenance.<\/p>\t\t\t\t\t\t<\/div>\n\t\t\t\t<\/div>\n\t\t\t\t<\/div>\n\t\t\t\t<\/div>\n\t\t\t\t\t<\/div>\n\t\t\t\t<\/div>\n\t\t<div class=\"elementor-element elementor-element-08cb142 e-flex e-con-boxed e-con e-parent\" data-id=\"08cb142\" data-element_type=\"container\">\n\t\t\t\t\t<div class=\"e-con-inner\">\n\t\t\t\t<div class=\"elementor-element elementor-element-a4f83d3 elementor-widget elementor-widget-spacer\" data-id=\"a4f83d3\" data-element_type=\"widget\" data-widget_type=\"spacer.default\">\n\t\t\t\t<div class=\"elementor-widget-container\">\n\t\t\t\t\t<div class=\"elementor-spacer\">\n\t\t\t<div class=\"elementor-spacer-inner\"><\/div>\n\t\t<\/div>\n\t\t\t\t<\/div>\n\t\t\t\t<\/div>\n\t\t\t\t\t<\/div>\n\t\t\t\t<\/div>\n\t\t<div class=\"elementor-element elementor-element-0818803 e-flex e-con-boxed e-con e-parent\" data-id=\"0818803\" data-element_type=\"container\">\n\t\t\t\t\t<div class=\"e-con-inner\">\n\t\t<div class=\"elementor-element elementor-element-a18528b e-flex e-con-boxed e-con e-child\" data-id=\"a18528b\" data-element_type=\"container\">\n\t\t\t\t\t<div class=\"e-con-inner\">\n\t\t<div class=\"elementor-element elementor-element-63d239a e-con-full e-flex e-con e-child\" data-id=\"63d239a\" data-element_type=\"container\">\n\t\t<div class=\"elementor-element elementor-element-20df038 e-con-full e-flex e-con e-child\" data-id=\"20df038\" data-element_type=\"container\">\n\t\t\t\t<div class=\"elementor-element elementor-element-16a066a elementor-widget elementor-widget-heading\" data-id=\"16a066a\" data-element_type=\"widget\" data-widget_type=\"heading.default\">\n\t\t\t\t<div class=\"elementor-widget-container\">\n\t\t\t<h3 class=\"elementor-heading-title elementor-size-default\">Electromechanical<\/h3>\t\t<\/div>\n\t\t\t\t<\/div>\n\t\t\t\t<div class=\"elementor-element elementor-element-c7ba4fe elementor-widget elementor-widget-text-editor\" data-id=\"c7ba4fe\" data-element_type=\"widget\" data-widget_type=\"text-editor.default\">\n\t\t\t\t<div class=\"elementor-widget-container\">\n\t\t\t\t\t\t\t<p>Our electromechanical service combines the precision of mechanics with the efficiency of electronics to offer robust and long-lasting solutions.<\/p>\t\t\t\t\t\t<\/div>\n\t\t\t\t<\/div>\n\t\t\t\t<\/div>\n\t\t<div class=\"elementor-element elementor-element-2de8b9f e-con-full e-flex e-con e-child\" data-id=\"2de8b9f\" data-element_type=\"container\">\n\t\t\t\t<div class=\"elementor-element elementor-element-1d02d3e elementor-widget elementor-widget-heading\" data-id=\"1d02d3e\" data-element_type=\"widget\" data-widget_type=\"heading.default\">\n\t\t\t\t<div class=\"elementor-widget-container\">\n\t\t\t<h3 class=\"elementor-heading-title elementor-size-default\">Electricity and Plumbing<\/h3>\t\t<\/div>\n\t\t\t\t<\/div>\n\t\t\t\t<div class=\"elementor-element elementor-element-f683198 elementor-widget elementor-widget-text-editor\" data-id=\"f683198\" data-element_type=\"widget\" data-widget_type=\"text-editor.default\">\n\t\t\t\t<div class=\"elementor-widget-container\">\n\t\t\t\t\t\t\t<p>We provide comprehensive electrical and plumbing services for residential, commercial and industrial projects.<\/p>\t\t\t\t\t\t<\/div>\n\t\t\t\t<\/div>\n\t\t\t\t<\/div>\n\t\t<div class=\"elementor-element elementor-element-c2e8805 e-con-full e-flex e-con e-child\" data-id=\"c2e8805\" data-element_type=\"container\">\n\t\t\t\t<div class=\"elementor-element elementor-element-a18f312 elementor-widget elementor-widget-heading\" data-id=\"a18f312\" data-element_type=\"widget\" data-widget_type=\"heading.default\">\n\t\t\t\t<div class=\"elementor-widget-container\">\n\t\t\t<h3 class=\"elementor-heading-title elementor-size-default\">Installations and Maintenance of Pneumatics and Fluids<\/h3>\t\t<\/div>\n\t\t\t\t<\/div>\n\t\t\t\t<div class=\"elementor-element elementor-element-c925135 elementor-widget elementor-widget-text-editor\" data-id=\"c925135\" data-element_type=\"widget\" data-widget_type=\"text-editor.default\">\n\t\t\t\t<div class=\"elementor-widget-container\">\n\t\t\t\t\t\t\t<p>Specialists in pneumatics and fluid management, we offer installation and maintenance of systems that guarantee efficiency and precision in the control of movements and processes.<\/p>\t\t\t\t\t\t<\/div>\n\t\t\t\t<\/div>\n\t\t\t\t<\/div>\n\t\t<div class=\"elementor-element elementor-element-f363d33 e-con-full e-flex e-con e-child\" data-id=\"f363d33\" data-element_type=\"container\">\n\t\t\t\t<div class=\"elementor-element elementor-element-6fa36ea elementor-widget elementor-widget-heading\" data-id=\"6fa36ea\" data-element_type=\"widget\" data-widget_type=\"heading.default\">\n\t\t\t\t<div class=\"elementor-widget-container\">\n\t\t\t<h3 class=\"elementor-heading-title elementor-size-default\">Systems Automation<\/h3>\t\t<\/div>\n\t\t\t\t<\/div>\n\t\t\t\t<div class=\"elementor-element elementor-element-00db113 elementor-widget elementor-widget-text-editor\" data-id=\"00db113\" data-element_type=\"widget\" data-widget_type=\"text-editor.default\">\n\t\t\t\t<div class=\"elementor-widget-container\">\n\t\t\t\t\t\t\t<p>We transform industries through the automation of systems, integrating advanced technologies that improve the efficiency, safety and quality of production processes.<\/p>\t\t\t\t\t\t<\/div>\n\t\t\t\t<\/div>\n\t\t\t\t<\/div>\n\t\t\t\t<\/div>\n\t\t<div class=\"elementor-element elementor-element-31a9dce e-con-full e-flex e-con e-child\" data-id=\"31a9dce\" data-element_type=\"container\">\n\t\t\t\t<\/div>\n\t\t\t\t\t<\/div>\n\t\t\t\t<\/div>\n\t\t\t\t\t<\/div>\n\t\t\t\t<\/div>\n\t\t<div class=\"elementor-element elementor-element-30dc61a e-flex e-con-boxed e-con e-parent\" data-id=\"30dc61a\" data-element_type=\"container\">\n\t\t\t\t\t<div class=\"e-con-inner\">\n\t\t\t\t<div class=\"elementor-element elementor-element-4cfb420 elementor-widget elementor-widget-spacer\" data-id=\"4cfb420\" data-element_type=\"widget\" data-widget_type=\"spacer.default\">\n\t\t\t\t<div class=\"elementor-widget-container\">\n\t\t\t\t\t<div class=\"elementor-spacer\">\n\t\t\t<div class=\"elementor-spacer-inner\"><\/div>\n\t\t<\/div>\n\t\t\t\t<\/div>\n\t\t\t\t<\/div>\n\t\t\t\t\t<\/div>\n\t\t\t\t<\/div>\n\t\t\t\t<\/div>","protected":false},"excerpt":{"rendered":"<p>IMV T\u00e9cnica Ingenier\u00eda y precisi\u00f3n industrial con innovaci\u00f3n efectiva Servicios IMV T\u00c9CNICA IMV T\u00e9cnica se enorgullece de ser un l\u00edder confiable en la exportaci\u00f3n de maquinaria de alta calidad a nivel mundial. Con a\u00f1os de experiencia y una red global robusta, garantizamos un servicio de exportaci\u00f3n eficiente, seguro y conforme con todas las regulaciones internacionales. [&hellip;]<\/p>","protected":false},"author":1,"featured_media":0,"parent":0,"menu_order":0,"comment_status":"closed","ping_status":"closed","template":"","meta":{"footnotes":""},"class_list":["post-25","page","type-page","status-publish","hentry"],"_links":{"self":[{"href":"https:\/\/imvtecnica.com\/en\/wp-json\/wp\/v2\/pages\/25","targetHints":{"allow":["GET"]}}],"collection":[{"href":"https:\/\/imvtecnica.com\/en\/wp-json\/wp\/v2\/pages"}],"about":[{"href":"https:\/\/imvtecnica.com\/en\/wp-json\/wp\/v2\/types\/page"}],"author":[{"embeddable":true,"href":"https:\/\/imvtecnica.com\/en\/wp-json\/wp\/v2\/users\/1"}],"replies":[{"embeddable":true,"href":"https:\/\/imvtecnica.com\/en\/wp-json\/wp\/v2\/comments?post=25"}],"version-history":[{"count":109,"href":"https:\/\/imvtecnica.com\/en\/wp-json\/wp\/v2\/pages\/25\/revisions"}],"predecessor-version":[{"id":801,"href":"https:\/\/imvtecnica.com\/en\/wp-json\/wp\/v2\/pages\/25\/revisions\/801"}],"wp:attachment":[{"href":"https:\/\/imvtecnica.com\/en\/wp-json\/wp\/v2\/media?parent=25"}],"curies":[{"name":"wp","href":"https:\/\/api.w.org\/{rel}","templated":true}]}}