{"id":1647,"date":"2025-09-16T13:40:35","date_gmt":"2025-09-16T11:40:35","guid":{"rendered":"https:\/\/imvtecnica.com\/?page_id=1647"},"modified":"2025-09-18T13:08:30","modified_gmt":"2025-09-18T11:08:30","slug":"politica-de-calidad","status":"publish","type":"page","link":"https:\/\/imvtecnica.com\/en\/politica-de-calidad\/","title":{"rendered":"Pol\u00edtica de calidad"},"content":{"rendered":"<div data-elementor-type=\"wp-page\" data-elementor-id=\"1647\" class=\"elementor elementor-1647\">\n\t\t\t\t<div class=\"elementor-element elementor-element-6208cdbf e-flex e-con-boxed e-con e-parent\" data-id=\"6208cdbf\" data-element_type=\"container\">\n\t\t\t\t\t<div class=\"e-con-inner\">\n\t\t\t\t<div class=\"elementor-element elementor-element-75b596a elementor-widget elementor-widget-text-editor\" data-id=\"75b596a\" data-element_type=\"widget\" data-widget_type=\"text-editor.default\">\n\t\t\t\t<div class=\"elementor-widget-container\">\n\t\t\t\t\t\t\t<h2>&nbsp;<\/h2>\n<h2>Pol\u00edtica de Calidad<\/h2>\n<p data-start=\"222\" data-end=\"272\"><strong data-start=\"222\" data-end=\"270\">INSTALACIONES Y MANTENIMIENTO VALVERDE, S.L.<\/strong><\/p>\n<p data-start=\"274\" data-end=\"606\">In <strong data-start=\"277\" data-end=\"325\">INSTALACIONES Y MANTENIMIENTO VALVERDE, S.L.<\/strong> desarrollamos nuestra actividad en la <strong data-start=\"364\" data-end=\"522\">fabricaci\u00f3n, asesoramiento y mantenimiento de maquinaria, cuadros de automatismo industrial, tratamiento t\u00e9cnico del aire, salas blancas y electromec\u00e1nica<\/strong>, ofreciendo soluciones innovadoras y adaptadas a las necesidades de cada cliente.<\/p>\n<p data-start=\"608\" data-end=\"691\">Nuestro compromiso con la <strong data-start=\"634\" data-end=\"645\">calidad<\/strong> se fundamenta en los siguientes principios:<\/p>\n<ol data-start=\"693\" data-end=\"1428\">\n<li data-start=\"693\" data-end=\"838\">\n<p data-start=\"696\" data-end=\"838\"><strong data-start=\"696\" data-end=\"724\">Satisfacci\u00f3n del cliente<\/strong>: garantizar que nuestros productos y servicios cumplen con los requisitos acordados y superan sus expectativas.<\/p>\n<\/li>\n<li data-start=\"839\" data-end=\"987\">\n<p data-start=\"842\" data-end=\"987\"><strong data-start=\"842\" data-end=\"868\">Cumplimiento normativo<\/strong>: asegurar el estricto cumplimiento de la legislaci\u00f3n aplicable, as\u00ed como de los requisitos de la norma <strong data-start=\"972\" data-end=\"984\">ISO 9001<\/strong>.<\/p>\n<\/li>\n<li data-start=\"988\" data-end=\"1118\">\n<p data-start=\"991\" data-end=\"1118\"><strong data-start=\"991\" data-end=\"1021\">Seguridad y sostenibilidad<\/strong>: integrar en todas nuestras operaciones pr\u00e1cticas seguras y respetuosas con el medio ambiente.<\/p>\n<\/li>\n<li data-start=\"1119\" data-end=\"1269\">\n<p data-start=\"1122\" data-end=\"1269\"><strong data-start=\"1122\" data-end=\"1154\">Innovaci\u00f3n y mejora continua<\/strong>: fomentar el uso de nuevas tecnolog\u00edas y procesos que aumenten la eficiencia y fiabilidad de nuestros servicios.<\/p>\n<\/li>\n<li data-start=\"1270\" data-end=\"1428\">\n<p data-start=\"1273\" data-end=\"1428\"><strong data-start=\"1273\" data-end=\"1305\">Compromiso del equipo humano<\/strong>: promover la formaci\u00f3n, motivaci\u00f3n y participaci\u00f3n de todo el personal, conscientes de que son la base de nuestro \u00e9xito, creando un entorno laboral mejor, donde la prioridad sea un entorno laboral inclusivo.<\/p>\n<\/li>\n<\/ol>\n<p data-start=\"1430\" data-end=\"1684\">La Direcci\u00f3n asume la responsabilidad de establecer, implantar y mantener el <strong data-start=\"1507\" data-end=\"1543\">Sistema de Gesti\u00f3n de la Calidad<\/strong>, garantizando que sea comprendido, aplicado y revisado peri\u00f3dicamente para asegurar su eficacia y mejora continua en toda la organizaci\u00f3n.<\/p>\n<p data-start=\"1686\" data-end=\"1795\">Esta Pol\u00edtica es de aplicaci\u00f3n a <strong data-start=\"1719\" data-end=\"1738\">toda la empresa<\/strong> y se encuentra disponible para las partes interesadas.<\/p>\n<p data-start=\"1797\" data-end=\"1859\"><strong data-start=\"1797\" data-end=\"1810\">Direcci\u00f3n<\/strong><br data-start=\"1810\" data-end=\"1813\">INSTALACIONES Y MANTENIMIENTO VALVERDE, S.L<\/p><p data-start=\"1797\" data-end=\"1859\">En Castillo de Locub\u00edn, a 22 de mayo de 2025.<\/p>\n<p data-start=\"1797\" data-end=\"1859\">\n<\/p>\t\t\t\t\t\t<\/div>\n\t\t\t\t<\/div>\n\t\t\t\t\t<\/div>\n\t\t\t\t<\/div>\n\t\t\t\t<\/div>","protected":false},"excerpt":{"rendered":"<p>&nbsp; Pol\u00edtica de Calidad INSTALACIONES Y MANTENIMIENTO VALVERDE, S.L. En INSTALACIONES Y MANTENIMIENTO VALVERDE, S.L. desarrollamos nuestra actividad en la fabricaci\u00f3n, asesoramiento y mantenimiento de maquinaria, cuadros de automatismo industrial, tratamiento t\u00e9cnico del aire, salas blancas y electromec\u00e1nica, ofreciendo soluciones innovadoras y adaptadas a las necesidades de cada cliente. Nuestro compromiso con la calidad se [&hellip;]<\/p>","protected":false},"author":1,"featured_media":0,"parent":0,"menu_order":0,"comment_status":"closed","ping_status":"closed","template":"","meta":{"footnotes":""},"class_list":["post-1647","page","type-page","status-publish","hentry"],"_links":{"self":[{"href":"https:\/\/imvtecnica.com\/en\/wp-json\/wp\/v2\/pages\/1647","targetHints":{"allow":["GET"]}}],"collection":[{"href":"https:\/\/imvtecnica.com\/en\/wp-json\/wp\/v2\/pages"}],"about":[{"href":"https:\/\/imvtecnica.com\/en\/wp-json\/wp\/v2\/types\/page"}],"author":[{"embeddable":true,"href":"https:\/\/imvtecnica.com\/en\/wp-json\/wp\/v2\/users\/1"}],"replies":[{"embeddable":true,"href":"https:\/\/imvtecnica.com\/en\/wp-json\/wp\/v2\/comments?post=1647"}],"version-history":[{"count":5,"href":"https:\/\/imvtecnica.com\/en\/wp-json\/wp\/v2\/pages\/1647\/revisions"}],"predecessor-version":[{"id":1654,"href":"https:\/\/imvtecnica.com\/en\/wp-json\/wp\/v2\/pages\/1647\/revisions\/1654"}],"wp:attachment":[{"href":"https:\/\/imvtecnica.com\/en\/wp-json\/wp\/v2\/media?parent=1647"}],"curies":[{"name":"wp","href":"https:\/\/api.w.org\/{rel}","templated":true}]}}